{"id":94,"date":"2016-10-12T13:31:37","date_gmt":"2016-10-12T13:31:37","guid":{"rendered":"http:\/\/balkangreenenergynews.com\/rs\/?page_id=94"},"modified":"2025-12-25T16:06:35","modified_gmt":"2025-12-25T15:06:35","slug":"o-nama","status":"publish","type":"page","link":"https:\/\/balkangreenenergynews.com\/rs\/o-nama\/","title":{"rendered":"O nama"},"content":{"rendered":"<p><b>Balkan Green Energy News<\/b> je vode\u0107i, besplatan onlajn portal koji prati teme odr\u017eivog energetskog razvoja, klimatskih promena, za\u0161tite \u017eivotne sredine i mobilnosti kroz redovno objavljivanje vesti, informacija o promeni zakonske regulative i investicionih mogu\u0107nosti u zemljama Balkana: Srbija, Kosovo*, Hrvatska, Bosna i Hercegovina, Slovenija, Crna Gora, Albanija, Rumunija, Bugarska, Makedonija, Gr\u010dka, Kipar i Turska.<\/p>\n<p>Projekat je namenjen kompanijama, finansijskim institucijama, donosiocima odluka na nacionalnom i lokalnom nivou, me\u0111unarodnim organizacijama, investicionim fondovima, konsultantskim ku\u0107ama, preduzetnicima, organizacijama civilnog dru\u0161tva, kao i ostalim zainteresovanim stranama koje su prisutne na Balkanu ili tek planiraju svoje prisustvo.<\/p>\n<p>&nbsp;<\/p>\n<h5><em>* Ovaj naziv je bez prejudiciranja statusa i u skladu je sa Rezolucijom Saveta bezbednosti Ujedinjenih nacija 1244 i mi\u0161ljenjem Me\u0111unarodnog suda pravde o deklaraciji o nezavisnosti Kosova.<\/em><\/h5>\n","protected":false},"excerpt":{"rendered":"<p>Balkan Green Energy News je vode\u0107i, besplatan onlajn portal koji prati teme odr\u017eivog energetskog razvoja,&#8230;<\/p>\n","protected":false},"author":15,"featured_media":0,"parent":0,"menu_order":0,"comment_status":"closed","ping_status":"closed","template":"","meta":{"_acf_changed":false,"_monsterinsights_skip_tracking":false,"_monsterinsights_sitenote_active":false,"_monsterinsights_sitenote_note":"","_monsterinsights_sitenote_category":0,"footnotes":""},"class_list":["post-94","page","type-page","status-publish","hentry"],"acf":[],"yoast_head":"<!-- This site is optimized with the Yoast SEO plugin v27.4 - https:\/\/yoast.com\/product\/yoast-seo-wordpress\/ -->\n<title>O nama - Balkan Green Energy News<\/title>\n<meta name=\"robots\" content=\"index, follow, max-snippet:-1, max-image-preview:large, max-video-preview:-1\" \/>\n<link rel=\"canonical\" href=\"https:\/\/balkangreenenergynews.com\/rs\/o-nama\/\" \/>\n<meta property=\"og:locale\" content=\"sr_RS\" \/>\n<meta property=\"og:type\" content=\"article\" \/>\n<meta property=\"og:title\" content=\"O nama - Balkan Green Energy News\" \/>\n<meta property=\"og:description\" content=\"Balkan Green Energy News je vode\u0107i, besplatan onlajn portal koji prati teme odr\u017eivog energetskog razvoja,...\" \/>\n<meta property=\"og:url\" content=\"https:\/\/balkangreenenergynews.com\/rs\/o-nama\/\" \/>\n<meta property=\"og:site_name\" content=\"Balkan Green Energy News\" \/>\n<meta property=\"article:modified_time\" content=\"2025-12-25T15:06:35+00:00\" \/>\n<meta property=\"og:image\" content=\"https:\/\/balkangreenenergynews.com\/rs\/wp-content\/uploads\/2016\/10\/bgen.jpg?wsr\" \/>\n\t<meta property=\"og:image:width\" content=\"851\" \/>\n\t<meta property=\"og:image:height\" content=\"315\" \/>\n\t<meta property=\"og:image:type\" content=\"image\/jpeg\" \/>\n<meta name=\"twitter:card\" content=\"summary_large_image\" \/>\n<meta name=\"twitter:label1\" content=\"\u041f\u0440\u043e\u0446\u0435\u045a\u0435\u043d\u043e \u0432\u0440\u0435\u043c\u0435 \u0447\u0438\u0442\u0430\u045a\u0430\" \/>\n\t<meta name=\"twitter:data1\" content=\"2 \u043c\u0438\u043d\u0443\u0442\u0430\" \/>\n<script type=\"application\/ld+json\" class=\"yoast-schema-graph\">{\"@context\":\"https:\\\/\\\/schema.org\",\"@graph\":[{\"@type\":\"WebPage\",\"@id\":\"https:\\\/\\\/balkangreenenergynews.com\\\/rs\\\/o-nama\\\/\",\"url\":\"https:\\\/\\\/balkangreenenergynews.com\\\/rs\\\/o-nama\\\/\",\"name\":\"O nama - Balkan Green Energy News\",\"isPartOf\":{\"@id\":\"https:\\\/\\\/balkangreenenergynews.com\\\/rs\\\/#website\"},\"datePublished\":\"2016-10-12T13:31:37+00:00\",\"dateModified\":\"2025-12-25T15:06:35+00:00\",\"breadcrumb\":{\"@id\":\"https:\\\/\\\/balkangreenenergynews.com\\\/rs\\\/o-nama\\\/#breadcrumb\"},\"inLanguage\":\"sr-RS\",\"potentialAction\":[{\"@type\":\"ReadAction\",\"target\":[\"https:\\\/\\\/balkangreenenergynews.com\\\/rs\\\/o-nama\\\/\"]}]},{\"@type\":\"BreadcrumbList\",\"@id\":\"https:\\\/\\\/balkangreenenergynews.com\\\/rs\\\/o-nama\\\/#breadcrumb\",\"itemListElement\":[{\"@type\":\"ListItem\",\"position\":1,\"name\":\"Po\u010detna\",\"item\":\"https:\\\/\\\/balkangreenenergynews.com\\\/rs\\\/\"},{\"@type\":\"ListItem\",\"position\":2,\"name\":\"O nama\"}]},{\"@type\":\"WebSite\",\"@id\":\"https:\\\/\\\/balkangreenenergynews.com\\\/rs\\\/#website\",\"url\":\"https:\\\/\\\/balkangreenenergynews.com\\\/rs\\\/\",\"name\":\"Balkan Green Energy News\",\"description\":\"Naj\u0161iri izbor vesti sa Balkana o zelenoj energiji\",\"potentialAction\":[{\"@type\":\"SearchAction\",\"target\":{\"@type\":\"EntryPoint\",\"urlTemplate\":\"https:\\\/\\\/balkangreenenergynews.com\\\/rs\\\/?s={search_term_string}\"},\"query-input\":{\"@type\":\"PropertyValueSpecification\",\"valueRequired\":true,\"valueName\":\"search_term_string\"}}],\"inLanguage\":\"sr-RS\"}]}<\/script>\n<!-- \/ Yoast SEO plugin. -->","yoast_head_json":{"title":"O nama - Balkan Green Energy News","robots":{"index":"index","follow":"follow","max-snippet":"max-snippet:-1","max-image-preview":"max-image-preview:large","max-video-preview":"max-video-preview:-1"},"canonical":"https:\/\/balkangreenenergynews.com\/rs\/o-nama\/","og_locale":"sr_RS","og_type":"article","og_title":"O nama - Balkan Green Energy News","og_description":"Balkan Green Energy News je vode\u0107i, besplatan onlajn portal koji prati teme odr\u017eivog energetskog razvoja,...","og_url":"https:\/\/balkangreenenergynews.com\/rs\/o-nama\/","og_site_name":"Balkan Green Energy News","article_modified_time":"2025-12-25T15:06:35+00:00","og_image":[{"width":851,"height":315,"url":"https:\/\/balkangreenenergynews.com\/rs\/wp-content\/uploads\/2016\/10\/bgen.jpg?wsr","type":"image\/jpeg"}],"twitter_card":"summary_large_image","twitter_misc":{"\u041f\u0440\u043e\u0446\u0435\u045a\u0435\u043d\u043e \u0432\u0440\u0435\u043c\u0435 \u0447\u0438\u0442\u0430\u045a\u0430":"2 \u043c\u0438\u043d\u0443\u0442\u0430"},"schema":{"@context":"https:\/\/schema.org","@graph":[{"@type":"WebPage","@id":"https:\/\/balkangreenenergynews.com\/rs\/o-nama\/","url":"https:\/\/balkangreenenergynews.com\/rs\/o-nama\/","name":"O nama - Balkan Green Energy News","isPartOf":{"@id":"https:\/\/balkangreenenergynews.com\/rs\/#website"},"datePublished":"2016-10-12T13:31:37+00:00","dateModified":"2025-12-25T15:06:35+00:00","breadcrumb":{"@id":"https:\/\/balkangreenenergynews.com\/rs\/o-nama\/#breadcrumb"},"inLanguage":"sr-RS","potentialAction":[{"@type":"ReadAction","target":["https:\/\/balkangreenenergynews.com\/rs\/o-nama\/"]}]},{"@type":"BreadcrumbList","@id":"https:\/\/balkangreenenergynews.com\/rs\/o-nama\/#breadcrumb","itemListElement":[{"@type":"ListItem","position":1,"name":"Po\u010detna","item":"https:\/\/balkangreenenergynews.com\/rs\/"},{"@type":"ListItem","position":2,"name":"O nama"}]},{"@type":"WebSite","@id":"https:\/\/balkangreenenergynews.com\/rs\/#website","url":"https:\/\/balkangreenenergynews.com\/rs\/","name":"Balkan Green Energy News","description":"Naj\u0161iri izbor vesti sa Balkana o zelenoj energiji","potentialAction":[{"@type":"SearchAction","target":{"@type":"EntryPoint","urlTemplate":"https:\/\/balkangreenenergynews.com\/rs\/?s={search_term_string}"},"query-input":{"@type":"PropertyValueSpecification","valueRequired":true,"valueName":"search_term_string"}}],"inLanguage":"sr-RS"}]}},"_links":{"self":[{"href":"https:\/\/balkangreenenergynews.com\/rs\/wp-json\/wp\/v2\/pages\/94","targetHints":{"allow":["GET"]}}],"collection":[{"href":"https:\/\/balkangreenenergynews.com\/rs\/wp-json\/wp\/v2\/pages"}],"about":[{"href":"https:\/\/balkangreenenergynews.com\/rs\/wp-json\/wp\/v2\/types\/page"}],"author":[{"embeddable":true,"href":"https:\/\/balkangreenenergynews.com\/rs\/wp-json\/wp\/v2\/users\/15"}],"replies":[{"embeddable":true,"href":"https:\/\/balkangreenenergynews.com\/rs\/wp-json\/wp\/v2\/comments?post=94"}],"version-history":[{"count":1,"href":"https:\/\/balkangreenenergynews.com\/rs\/wp-json\/wp\/v2\/pages\/94\/revisions"}],"predecessor-version":[{"id":88301,"href":"https:\/\/balkangreenenergynews.com\/rs\/wp-json\/wp\/v2\/pages\/94\/revisions\/88301"}],"wp:attachment":[{"href":"https:\/\/balkangreenenergynews.com\/rs\/wp-json\/wp\/v2\/media?parent=94"}],"curies":[{"name":"wp","href":"https:\/\/api.w.org\/{rel}","templated":true}]}}